{"id":257,"date":"2021-07-22T18:22:25","date_gmt":"2021-07-22T18:22:25","guid":{"rendered":"https:\/\/demo.athemes.com\/botiga\/?page_id=257"},"modified":"2024-03-07T16:13:23","modified_gmt":"2024-03-07T16:13:23","slug":"contact-us","status":"publish","type":"page","link":"https:\/\/sutcemet.yeniveri.com\/tr\/contact-us\/","title":{"rendered":"Bize Ula\u015f\u0131n"},"content":{"rendered":"\n<div style=\"height:20px\" aria-hidden=\"true\" class=\"wp-block-spacer\"><\/div>\n\n\n\n<div class=\"wp-block-athemes-athemes-blocks-block-google-maps athemes-blocks-block athemes-blocks-block-2a3f14f0 athemes-blocks-block-google-maps\"><iframe src=\"https:\/\/www.google.com\/maps\/embed?pb=!1m18!1m12!1m3!1d3123.0699253389157!2d43.383440488747155!3d38.48602839820992!2m3!1f0!2f0!3f0!3m2!1i1024!2i768!4f13.1!3m3!1m2!1s0x4012705742499435%3A0xb29ee44f9a8722df!2sCevdet%20Pa%C5%9Fa%2C%20Esen%207.%20Sk.%20No%3A1%20D%3A1%2C%2065150%20Van%20Merkez%2FVan!5e0!3m2!1sen!2str!4v1709824174700!5m2!1sen!2str\" width=\"600\" height=\"450\" style=\"border:0;\" allowfullscreen=\"\" loading=\"lazy\" referrerpolicy=\"no-referrer-when-downgrade\"><\/iframe><\/div>\n\n\n\n<div style=\"height:30px\" aria-hidden=\"true\" class=\"wp-block-spacer\"><\/div>\n\n\n\n<div class=\"wp-block-columns is-layout-flex wp-container-core-columns-is-layout-28f84493 wp-block-columns-is-layout-flex\">\n<div class=\"wp-block-column is-layout-flow wp-block-column-is-layout-flow\" style=\"flex-basis:60%\">\n<h3 class=\"wp-block-heading\">Leave Us a Message<\/h3>\n\n\n\n<div style=\"height:15px\" aria-hidden=\"true\" class=\"wp-block-spacer\"><\/div>\n\n\n<div class=\"wpforms-container wpforms-container-full wpforms-block wpforms-block-45928682-a806-4704-8590-4721cd89391a wpforms-render-modern\" id=\"wpforms-388\"><form id=\"wpforms-form-388\" class=\"wpforms-validate wpforms-form wpforms-ajax-form\" data-formid=\"388\" method=\"post\" enctype=\"multipart\/form-data\" action=\"\/tr\/wp-json\/wp\/v2\/pages\/257\" data-token=\"3546fcc29bd6b44e2a86eb312e4782c1\" data-token-time=\"1776450589\"><noscript class=\"wpforms-error-noscript\">Bu formu bitirebilmek i\u00e7in taray\u0131c\u0131n\u0131zda JavaScript&#039;i etkinle\u015ftirin.<\/noscript><div id=\"wpforms-error-noscript\" style=\"display: none;\">Bu formu bitirebilmek i\u00e7in taray\u0131c\u0131n\u0131zda JavaScript&#039;i etkinle\u015ftirin.<\/div><div class=\"wpforms-field-container\"><div id=\"wpforms-388-field_0-container\" class=\"wpforms-field wpforms-field-name wpforms-one-half wpforms-first\" data-field-id=\"0\"><label class=\"wpforms-field-label\" for=\"wpforms-388-field_0\">Name <span class=\"wpforms-required-label\" aria-hidden=\"true\">*<\/span><\/label><input type=\"text\" id=\"wpforms-388-field_0\" class=\"wpforms-field-large wpforms-field-required\" name=\"wpforms[fields][0]\" aria-errormessage=\"wpforms-388-field_0-error\" required><\/div><div id=\"wpforms-388-field_1-container\" class=\"wpforms-field wpforms-field-email wpforms-one-half\" data-field-id=\"1\"><label class=\"wpforms-field-label\" for=\"wpforms-388-field_1\">Email <span class=\"wpforms-required-label\" aria-hidden=\"true\">*<\/span><\/label><input type=\"email\" id=\"wpforms-388-field_1\" class=\"wpforms-field-large wpforms-field-required\" name=\"wpforms[fields][1]\" spellcheck=\"false\" aria-errormessage=\"wpforms-388-field_1-error\" required><\/div><div id=\"wpforms-388-field_3-container\" class=\"wpforms-field wpforms-field-number\" data-field-id=\"3\"><label class=\"wpforms-field-label\" for=\"wpforms-388-field_3\">Phone<\/label><input type=\"number\" id=\"wpforms-388-field_3\" class=\"wpforms-field-large\" name=\"wpforms[fields][3]\" value=\"+\" step=\"any\" aria-errormessage=\"wpforms-388-field_3-error\" ><\/div><div id=\"wpforms-388-field_2-container\" class=\"wpforms-field wpforms-field-textarea\" data-field-id=\"2\"><label class=\"wpforms-field-label\" for=\"wpforms-388-field_2\">Comment or Message <span class=\"wpforms-required-label\" aria-hidden=\"true\">*<\/span><\/label><textarea id=\"wpforms-388-field_2\" class=\"wpforms-field-large wpforms-field-required\" name=\"wpforms[fields][2]\" aria-errormessage=\"wpforms-388-field_2-error\" required><\/textarea><\/div><\/div><!-- .wpforms-field-container --><div class=\"wpforms-submit-container\" ><input type=\"hidden\" name=\"wpforms[id]\" value=\"388\"><input type=\"hidden\" name=\"page_title\" value=\"\"><input type=\"hidden\" name=\"page_url\" value=\"https:\/\/sutcemet.yeniveri.com\/tr\/wp-json\/wp\/v2\/pages\/257\"><input type=\"hidden\" name=\"url_referer\" value=\"\"><button type=\"submit\" name=\"wpforms[submit]\" id=\"wpforms-submit-388\" class=\"wpforms-submit\" data-alt-text=\"Sending...\" data-submit-text=\"Send message\" aria-live=\"assertive\" value=\"wpforms-submit\">Send message<\/button><img loading=\"lazy\" decoding=\"async\" src=\"https:\/\/sutcemet.yeniveri.com\/wp-content\/plugins\/wpforms-lite\/assets\/images\/submit-spin.svg\" class=\"wpforms-submit-spinner\" style=\"display: none;\" width=\"26\" height=\"26\" alt=\"Y\u00fckleniyor\"><\/div><\/form><\/div>  <!-- .wpforms-container --><\/div>\n\n\n\n<div class=\"wp-block-column is-layout-flow wp-block-column-is-layout-flow\" style=\"flex-basis:5%\"><\/div>\n\n\n\n<div class=\"wp-block-column is-layout-flow wp-block-column-is-layout-flow\" style=\"flex-basis:35%\">\n<h3 class=\"wp-block-heading\">Address<\/h3>\n\n\n\n<div style=\"height:15px\" aria-hidden=\"true\" class=\"wp-block-spacer\"><\/div>\n\n\n\n<p>CEVDET PA\u015eA MAH. ESEN 7. SOK. NO:1\/1 \u0130PEKYOLU\u00a0&#8211;\u00a0VAN\u00a0\/\u00a0T\u00dcRK\u0130YE<\/p>\n\n\n\n<p class=\"smallmargin has-small-font-size\">PHONE:<\/p>\n\n\n\n<p>+90 545 622 00 76<br>+90 535 622 00 46<\/p>\n\n\n\n<p class=\"smallmargin has-small-font-size\">E-MAIL:<\/p>\n\n\n\n<p>info@sutcemet.com<\/p>\n\n\n\n<div style=\"height:1px\" aria-hidden=\"true\" class=\"wp-block-spacer\"><\/div>\n\n\n\n<h3 class=\"wp-block-heading\">Store Hours<\/h3>\n\n\n\n<div style=\"height:15px\" aria-hidden=\"true\" class=\"wp-block-spacer\"><\/div>\n\n\n\n<p>Sun: Closed<\/p>\n\n\n\n<p>Mon to Sat: 10 AM &#8211; 5:30 PM<\/p>\n<\/div>\n<\/div>\n","protected":false},"excerpt":{"rendered":"<p>Leave Us a Message Address CEVDET PA\u015eA MAH. ESEN 7. SOK. NO:1\/1 \u0130PEKYOLU\u00a0&#8211;\u00a0VAN\u00a0\/\u00a0T\u00dcRK\u0130YE PHONE: +90 545 622 00 76+90 535 622 00 46 E-MAIL: info@sutcemet.com Store Hours Sun: Closed Mon [&hellip;]<\/p>\n","protected":false},"author":1,"featured_media":0,"parent":0,"menu_order":0,"comment_status":"closed","ping_status":"closed","template":"","meta":{"_coblocks_attr":"","_coblocks_dimensions":"","_coblocks_responsive_height":"","_coblocks_accordion_ie_support":"","_uag_custom_page_level_css":"","_joinchat":[],"footnotes":""},"class_list":["post-257","page","type-page","status-publish","hentry"],"uagb_featured_image_src":{"full":false,"thumbnail":false,"medium":false,"medium_large":false,"large":false,"1536x1536":false,"2048x2048":false,"trp-custom-language-flag":false,"botiga-extra-large":false,"botiga-large":false,"botiga-big":false,"botiga-medium":false,"woocommerce_thumbnail":false,"woocommerce_single":false,"woocommerce_gallery_thumbnail":false},"uagb_author_info":{"display_name":"shadmin","author_link":"https:\/\/sutcemet.yeniveri.com\/tr\/author\/shadmin\/"},"uagb_comment_info":0,"uagb_excerpt":"Leave Us a Message Address CEVDET PA\u015eA MAH. ESEN 7. SOK. NO:1\/1 \u0130PEKYOLU\u00a0&#8211;\u00a0VAN\u00a0\/\u00a0T\u00dcRK\u0130YE PHONE: +90 545 622 00 76+90 535 622 00 46 E-MAIL: info@sutcemet.com Store Hours Sun: Closed Mon [&hellip;]","jetpack_sharing_enabled":true,"_links":{"self":[{"href":"https:\/\/sutcemet.yeniveri.com\/tr\/wp-json\/wp\/v2\/pages\/257","targetHints":{"allow":["GET"]}}],"collection":[{"href":"https:\/\/sutcemet.yeniveri.com\/tr\/wp-json\/wp\/v2\/pages"}],"about":[{"href":"https:\/\/sutcemet.yeniveri.com\/tr\/wp-json\/wp\/v2\/types\/page"}],"author":[{"embeddable":true,"href":"https:\/\/sutcemet.yeniveri.com\/tr\/wp-json\/wp\/v2\/users\/1"}],"replies":[{"embeddable":true,"href":"https:\/\/sutcemet.yeniveri.com\/tr\/wp-json\/wp\/v2\/comments?post=257"}],"version-history":[{"count":1,"href":"https:\/\/sutcemet.yeniveri.com\/tr\/wp-json\/wp\/v2\/pages\/257\/revisions"}],"predecessor-version":[{"id":420,"href":"https:\/\/sutcemet.yeniveri.com\/tr\/wp-json\/wp\/v2\/pages\/257\/revisions\/420"}],"wp:attachment":[{"href":"https:\/\/sutcemet.yeniveri.com\/tr\/wp-json\/wp\/v2\/media?parent=257"}],"curies":[{"name":"wp","href":"https:\/\/api.w.org\/{rel}","templated":true}]}}