{"id":362,"date":"2021-08-17T17:03:43","date_gmt":"2021-08-17T17:03:43","guid":{"rendered":"https:\/\/demo.athemes.com\/botiga\/?page_id=362"},"modified":"2024-09-30T17:30:40","modified_gmt":"2024-09-30T17:30:40","slug":"home-2","status":"publish","type":"page","link":"https:\/\/sutcemet.yeniveri.com\/tr\/","title":{"rendered":"Anasayfa"},"content":{"rendered":"<div class=\"wp-block-uagb-container uagb-block-27bbe343 alignfull uagb-is-root-container\"><div class=\"uagb-container__video-wrap\"><video autoplay loop muted playsinline><source src=\"https:\/\/sutcemet.yeniveri.com\/wp-content\/uploads\/2024\/03\/sutcemet-cream-web.mp4\" type=\"video\/mp4\"\/><\/video><\/div><div class=\"uagb-container-inner-blocks-wrap\">\n<div class=\"wp-block-columns alignwide are-vertically-aligned-center is-layout-flex wp-container-core-columns-is-layout-4a33225c wp-block-columns-is-layout-flex\" style=\"padding-top:30px;padding-right:30px;padding-bottom:30px;padding-left:30px\">\n<div class=\"wp-block-column is-vertically-aligned-center is-layout-flow wp-block-column-is-layout-flow\" style=\"flex-basis:75%\">\n<p class=\"has-text-color has-extra-large-font-size uag-hide-mob\" style=\"color:#ffffff;font-style:normal;font-weight:500;line-height:0\">SUTCEMET Scarless<\/p>\n\n\n\n<p class=\"has-text-color has-large-font-size uag-hide-desktop\" style=\"color:#ffffff;font-style:normal;font-weight:500;line-height:0\">SUTCEMET Scarless<\/p>\n\n\n\n<h2 class=\"wp-block-heading has-text-color uag-hide-mob\" style=\"color:#faff30;font-size:110px;font-style:normal;font-weight:800\">HIZLI &amp;<br>ETK\u0130N<\/h2>\n\n\n\n<h2 class=\"wp-block-heading has-text-color uag-hide-desktop\" style=\"color:#faff30;font-size:3rem;font-style:normal;font-weight:800\">FAST &amp; EFFECTIVE<\/h2>\n\n\n\n<p class=\"has-text-color has-extra-large-font-size uag-hide-mob\" style=\"color:#ffffff;margin-bottom:40px;font-style:normal;font-weight:300;line-height:0\">onar\u0131c\u0131 krem<\/p>\n\n\n\n<p class=\"has-text-color has-large-font-size uag-hide-desktop\" style=\"color:#ffffff;margin-bottom:40px;font-style:normal;font-weight:300;line-height:0\">onar\u0131c\u0131 krem<\/p>\n\n\n\n<div class=\"wp-block-buttons is-content-justification-left is-layout-flex wp-container-core-buttons-is-layout-fc4fd283 wp-block-buttons-is-layout-flex\">\n<div class=\"wp-block-button has-custom-font-size has-large-font-size\"><a class=\"wp-block-button__link has-color-0-background-color has-text-color has-background wp-element-button\" href=\"https:\/\/sutcemet.yeniveri.com\/tr\/shop\/\" style=\"border-style:none;border-width:0px;border-radius:5px;color:#ffffff;padding-top:10px;padding-right:30px;padding-bottom:10px;padding-left:30px\">HEMEN SATIN AL<\/a><\/div>\n<\/div>\n<\/div>\n\n\n\n<div class=\"wp-block-column is-layout-flow wp-block-column-is-layout-flow\" style=\"flex-basis:25%\"><\/div>\n<\/div>\n<\/div><\/div>\n\n\n\n<hr class=\"wp-block-coblocks-dynamic-separator\" style=\"height:50px\"\/>\n\n\n\n<div class=\"wp-block-uagb-container uagb-block-6b3d2c9a alignwide uagb-is-root-container\">\n<div class=\"wp-block-uagb-container uagb-block-46fbead7\">\n<div class=\"wp-block-uagb-image uagb-block-92c4e5cf wp-block-uagb-image--layout-default wp-block-uagb-image--effect-static wp-block-uagb-image--align-none\"><figure class=\"wp-block-uagb-image__figure\"><img decoding=\"async\" srcset=\"https:\/\/sutcemet.yeniveri.com\/wp-content\/uploads\/2024\/03\/family.jpg ,https:\/\/sutcemet.yeniveri.com\/wp-content\/uploads\/2024\/03\/family.jpg 780w, https:\/\/sutcemet.yeniveri.com\/wp-content\/uploads\/2024\/03\/family.jpg 360w\" sizes=\"auto, (max-width: 480px) 150px\" src=\"https:\/\/sutcemet.yeniveri.com\/wp-content\/uploads\/2024\/03\/family.jpg\" alt=\"\" class=\"uag-image-507\" width=\"500\" height=\"500\" title=\"family\" loading=\"lazy\" role=\"img\"\/><\/figure><\/div>\n<\/div>\n\n\n\n<div class=\"wp-block-uagb-container uagb-block-8d6fd92d\">\n<div class=\"wp-block-coblocks-row coblocks-row-2111370282\" data-columns=\"1\" data-layout=\"100\"><div class=\"wp-block-coblocks-row__inner has-no-padding has-no-margin is-stacked-on-mobile has-medium-gutter\">\n<div class=\"wp-block-coblocks-column coblocks-column-2111375687\" style=\"width:100%\"><div class=\"wp-block-coblocks-column__inner has-no-padding has-no-margin\">\n<p class=\"has-larger-font-size\">Sutcemet Scarless form\u00fclasyonu gerek insana, gerek di\u011fer canl\u0131lara ve \u00e7evreye bilinen hi\u00e7bir zarar\u0131 olmayan tamamen do\u011fal bir \u00fcr\u00fcnd\u00fcr.<br><\/p>\n<\/div><\/div>\n<\/div><\/div>\n\n\n\n<div class=\"wp-block-coblocks-row coblocks-row-21113721522\" data-columns=\"1\" data-layout=\"100\"><div class=\"wp-block-coblocks-row__inner has-no-padding has-margin has-medium-margin is-stacked-on-mobile has-medium-gutter\">\n<div class=\"wp-block-coblocks-column coblocks-column-21113723120\" style=\"width:100%\"><div class=\"wp-block-coblocks-column__inner has-no-padding has-no-margin\">\n<div class=\"wp-block-coblocks-features coblocks-features-21113910\"><div class=\"wp-block-coblocks-features__inner has-columns has-3-columns has-responsive-columns has-center-content has-medium-gutter\">\n<div class=\"wp-block-coblocks-feature coblocks-feature-2111391175\"><div class=\"wp-block-coblocks-feature__inner has-no-padding\"><div class=\"wp-block-coblocks-icon is-style-filled\">\n\t\t\t\t<div class=\"wp-block-coblocks-icon__inner\" style=\"height: 60px; width: 60px;\">\n\t\t\t\t\t<svg fill=\"none\" viewbox=\"0 0 20 20\" xmlns=\"http:\/\/www.w3.org\/2000\/svg\"><path d=\"m10 20c4.7333333 0 8.5714286-3.8380952 8.5714286-8.5714286-4.7333334 0-8.5714286 3.8380953-8.5714286 8.5714286zm-6.0952381-11.19047619c0 1.31428569 1.06666667 2.38095239 2.38095239 2.38095239.5047619 0 .96190476-.152381 1.35238095-.4190476l-.01904762.1809524c0 1.3142857 1.06666667 2.3809523 2.38095238 2.3809523 1.3142857 0 2.3809524-1.0666666 2.3809524-2.3809523l-.0190476-.1809524c.3809523.2666666.847619.4190476 1.3523809.4190476 1.3142857 0 2.3809524-1.0666667 2.3809524-2.38095239 0-.95238095-.5619048-1.76190476-1.3619048-2.14285714.8-.38095238 1.3619048-1.19047619 1.3619048-2.14285715 0-1.31428571-1.0666667-2.38095238-2.3809524-2.38095238-.5047619 0-.9619047.15238096-1.3523809.41904762l.0190476-.18095238c0-1.31428571-1.0666667-2.38095238-2.3809524-2.38095238-1.31428571 0-2.38095238 1.06666667-2.38095238 2.38095238l.01904762.18095238c-.38095238-.26666666-.84761905-.41904762-1.35238095-.41904762-1.31428572 0-2.38095239 1.06666667-2.38095239 2.38095238 0 .95238096.56190477 1.76190477 1.36190477 2.14285715-.8.38095238-1.36190477 1.19047619-1.36190477 2.14285714zm6.0952381-4.52380952c1.3142857 0 2.3809524 1.06666666 2.3809524 2.38095238 0 1.31428571-1.0666667 2.38095238-2.3809524 2.38095238-1.31428571 0-2.38095238-1.06666667-2.38095238-2.38095238 0-1.31428572 1.06666667-2.38095238 2.38095238-2.38095238zm-8.57142857 7.14285711c0 4.7333334 3.83809524 8.5714286 8.57142857 8.5714286 0-4.7333333-3.83809524-8.5714286-8.57142857-8.5714286z\" fill=\"currentColor\" \/><\/svg>\n\t\t\t\t<\/div>\n\t\t\t<\/div>\n\n\n<h4 class=\"wp-block-heading has-larger-font-size\">100% Do\u011fal<\/h4>\n<\/div><\/div>\n\n\n\n<div class=\"wp-block-coblocks-feature coblocks-feature-2111391176\"><div class=\"wp-block-coblocks-feature__inner has-no-padding\"><div class=\"wp-block-coblocks-icon\">\n\t\t\t\t<div class=\"wp-block-coblocks-icon__inner\" style=\"height: 60px; width: 60px;\">\n\t\t\t\t\t<svg fill=\"none\" viewbox=\"0 0 24 24\" xmlns=\"http:\/\/www.w3.org\/2000\/svg\"><path d=\"m9.94924 3.75h-5.19924c-.55228 0-1 .44772-1 1v14.5c0 .5523.44772 1 1 1h14.5313c.5523 0 1-.4477 1-1v-5.6458\" stroke=\"currentColor\" stroke-width=\"1.5\" fill=\"none\"\/><path d=\"m16.8656 9.85.9234-2.02354 2.0235-.92336-2.0235-.92336-.9234-2.02354-.9234 2.02354-2.0235.92336 2.0235.92336zm-3.6836.7367-1.2279-2.7013-1.2279 2.7013-2.7013 1.2279 2.7013 1.2279 1.2279 2.7013 1.2279-2.7013 2.7013-1.2279z\" fill=\"currentColor\"\/><\/svg>\n\n\t\t\t\t<\/div>\n\t\t\t<\/div>\n\n\n<h4 class=\"wp-block-heading has-larger-font-size\">100% Etkili<\/h4>\n<\/div><\/div>\n\n\n\n<div class=\"wp-block-coblocks-feature coblocks-feature-2111397593\"><div class=\"wp-block-coblocks-feature__inner has-no-padding\"><div class=\"wp-block-coblocks-icon\">\n\t\t\t\t<div class=\"wp-block-coblocks-icon__inner\" style=\"height: 60px; width: 60px;\">\n\t\t\t\t\t<svg fill=\"none\" xmlns=\"http:\/\/www.w3.org\/2000\/svg\" viewbox=\"0 0 24 24\"><path d=\"M15.49 9.63c-.18-2.79-1.31-5.51-3.43-7.63-2.14 2.14-3.32 4.86-3.55 7.63 1.28.68 2.46 1.56 3.49 2.63 1.03-1.06 2.21-1.94 3.49-2.63zm-3.44-4.44c.63 1.03 1.07 2.18 1.3 3.38-.47.3-.91.63-1.34.98-.42-.34-.87-.67-1.33-.97.25-1.2.71-2.35 1.37-3.39zM12 15.45c-.82-1.25-1.86-2.34-3.06-3.2-.13-.09-.27-.16-.4-.26.13.09.27.17.39.25C6.98 10.83 4.59 10 2 10c0 5.32 3.36 9.82 8.03 11.49.63.23 1.29.4 1.97.51.68-.12 1.33-.29 1.97-.51C18.64 19.82 22 15.32 22 10c-4.18 0-7.85 2.17-10 5.45zm1.32 4.15c-.44.15-.88.27-1.33.37-.44-.09-.87-.21-1.28-.36-3.29-1.18-5.7-3.99-6.45-7.35 1.1.26 2.15.71 3.12 1.33l-.02.01c.13.09.26.18.39.25l.07.04c.99.72 1.84 1.61 2.51 2.65L12 19.1l1.67-2.55c.69-1.05 1.55-1.95 2.53-2.66l.07-.05c.09-.05.18-.11.27-.17l-.01-.02c.98-.65 2.07-1.13 3.21-1.4-.75 3.37-3.15 6.18-6.42 7.35zm-4.33-7.32c-.02-.01-.04-.03-.05-.04 0 0 .01 0 .01.01.01.01.02.02.04.03z\" fill=\"currentColor\" \/><\/svg>\n\t\t\t\t<\/div>\n\t\t\t<\/div>\n\n\n<h4 class=\"wp-block-heading has-larger-font-size\">\u00c7evre dostu<\/h4>\n<\/div><\/div>\n<\/div><\/div>\n<\/div><\/div>\n<\/div><\/div>\n\n\n\n<hr class=\"wp-block-coblocks-dynamic-separator\" style=\"height:50px\"\/>\n\n\n\n<div class=\"wp-block-uagb-marketing-button uagb-marketing-btn__align-center uagb-marketing-btn__align-text-center uagb-marketing-btn__icon-after uagb-block-a23d1ceb wp-block-button\"><a href=\"https:\/\/sutcemet.yeniveri.com\/tr\/about\/\" class=\"uagb-marketing-btn__link wp-block-button__link\" target=\"\" rel=\"noopener noreferrer\"><span class=\"uagb-marketing-btn__title\">DETAYLI B\u0130L,G\u0130<\/span><svg xmlns=\"https:\/\/www.w3.org\/2000\/svg\" viewbox=\"0 0 512 512\"><path d=\"M384 320c-17.67 0-32 14.33-32 32v96H64V160h96c17.67 0 32-14.32 32-32s-14.33-32-32-32L64 96c-35.35 0-64 28.65-64 64V448c0 35.34 28.65 64 64 64h288c35.35 0 64-28.66 64-64v-96C416 334.3 401.7 320 384 320zM488 0H352c-12.94 0-24.62 7.797-29.56 19.75c-4.969 11.97-2.219 25.72 6.938 34.88L370.8 96L169.4 297.4c-12.5 12.5-12.5 32.75 0 45.25C175.6 348.9 183.8 352 192 352s16.38-3.125 22.62-9.375L416 141.3l41.38 41.38c9.156 9.141 22.88 11.84 34.88 6.938C504.2 184.6 512 172.9 512 160V24C512 10.74 501.3 0 488 0z\"><\/path><\/svg><p class=\"uagb-marketing-btn__prefix\">Click for detailed iNformation about Sutcemet scarless.<\/p><\/a><\/div>\n<\/div>\n<\/div>\n\n\n\n<div style=\"height:100px\" aria-hidden=\"true\" class=\"wp-block-spacer\"><\/div>\n\n\n\n<div id=\"athemes-blocks-block-b6377fc2\" class=\"wp-block-athemes-athemes-blocks-block-container athemes-blocks-block athemes-blocks-block-b6377fc2 athemes-blocks-block-container alignfull\"><div class=\"athemes-blocks-block-container-wrapper athemes-blocks-block-container-bg-cover athemes-blocks-block-container-bg-effect-scroll\"><img class=\"athemes-blocks-background-image\" width=\"2048\" height=\"1138\" srcset=\"https:\/\/sutcemet.yeniveri.com\/wp-content\/uploads\/2024\/03\/sutcemet-banner-150x150.jpg 150w, https:\/\/sutcemet.yeniveri.com\/wp-content\/uploads\/2024\/03\/sutcemet-banner-300x167.jpg 300w, https:\/\/sutcemet.yeniveri.com\/wp-content\/uploads\/2024\/03\/sutcemet-banner-1024x569.jpg 1024w, https:\/\/sutcemet.yeniveri.com\/wp-content\/uploads\/2024\/03\/sutcemet-banner-18x10.jpg 18w, https:\/\/sutcemet.yeniveri.com\/wp-content\/uploads\/2024\/03\/sutcemet-banner.jpg 2048w, \" sizes=\"(max-width: 2048px) 100vw, 2048px\" alt=\"\"\/><div class=\"athemes-blocks-block-container-wrapper-content\">\n<div class=\"wp-block-columns is-layout-flex wp-container-core-columns-is-layout-28f84493 wp-block-columns-is-layout-flex\">\n<div class=\"wp-block-column is-layout-flow wp-block-column-is-layout-flow\" style=\"flex-basis:66.66%\">\n<h2 class=\"wp-block-heading has-huge-font-size\">SAHEB\u0130 DERMAN <br>iyilik \u00fcretir!<\/h2>\n\n\n\n<div class=\"wp-block-buttons is-layout-flex wp-block-buttons-is-layout-flex\">\n<div class=\"wp-block-button\"><a class=\"wp-block-button__link wp-element-button\" href=\"https:\/\/sutcemet.yeniveri.com\/tr\/about\/\">B\u0130LG\u0130<\/a><\/div>\n<\/div>\n<\/div>\n\n\n\n<div class=\"wp-block-column is-layout-flow wp-block-column-is-layout-flow\" style=\"flex-basis:33.33%\"><\/div>\n<\/div>\n<\/div><\/div><\/div>\n\n\n\n<div id=\"athemes-blocks-block-3e7ec6ab\" class=\"wp-block-athemes-athemes-blocks-block-container athemes-blocks-block athemes-blocks-block-3e7ec6ab athemes-blocks-block-container alignfull\"><div class=\"athemes-blocks-block-container-wrapper athemes-blocks-block-container-bg-cover athemes-blocks-block-container-bg-effect-scroll\"><div class=\"athemes-blocks-block-container-wrapper-content\">\n<div aria-label=\"List of logos\" class=\"wp-block-coblocks-logos is-style-default\"><div class=\"wp-block-coblocks-logos__row\"><div style=\"width:33.333333333333336%\"><img decoding=\"async\" alt=\"\" data-id=\"466\" data-width=\"33.333333333333336%\" src=\"https:\/\/sutcemet.yeniveri.com\/wp-content\/uploads\/2024\/03\/iso-22716-certificate.jpg\"\/><\/div><div style=\"width:33.333333333333336%\"><img decoding=\"async\" alt=\"\" data-id=\"465\" data-width=\"33.333333333333336%\" src=\"https:\/\/sutcemet.yeniveri.com\/wp-content\/uploads\/2024\/03\/iso-9001-certificate.jpg\"\/><\/div><div style=\"width:33.333333333333336%\"><img decoding=\"async\" alt=\"\" data-id=\"462\" data-width=\"33.333333333333336%\" src=\"https:\/\/sutcemet.yeniveri.com\/wp-content\/uploads\/2024\/03\/ce-certificate.jpg\"\/><\/div><\/div><\/div>\n<\/div><\/div><\/div>\n\n\n\n<p><\/p>","protected":false},"excerpt":{"rendered":"<p>SUTCEMET Scarless SUTCEMET Scarless FAST &amp;EFFECTIVE FAST &amp; EFFECTIVE support in wound healing support in wound healing<\/p>","protected":false},"author":1,"featured_media":0,"parent":0,"menu_order":0,"comment_status":"closed","ping_status":"closed","template":"","meta":{"_coblocks_attr":"","_coblocks_dimensions":"{\"coblocks-column-2922272944\":{\"padding\":{}}}","_coblocks_responsive_height":"","_coblocks_accordion_ie_support":"","_uag_custom_page_level_css":"","_joinchat":[],"footnotes":""},"class_list":["post-362","page","type-page","status-publish","hentry"],"uagb_featured_image_src":{"full":false,"thumbnail":false,"medium":false,"medium_large":false,"large":false,"1536x1536":false,"2048x2048":false,"trp-custom-language-flag":false,"botiga-extra-large":false,"botiga-large":false,"botiga-big":false,"botiga-medium":false,"woocommerce_thumbnail":false,"woocommerce_single":false,"woocommerce_gallery_thumbnail":false},"uagb_author_info":{"display_name":"shadmin","author_link":"https:\/\/sutcemet.yeniveri.com\/tr\/author\/shadmin\/"},"uagb_comment_info":0,"uagb_excerpt":"SUTCEMET Scarless SUTCEMET Scarless FAST &amp;EFFECTIVE FAST &amp; EFFECTIVE support in wound healing support in wound healing","jetpack_sharing_enabled":true,"_links":{"self":[{"href":"https:\/\/sutcemet.yeniveri.com\/tr\/wp-json\/wp\/v2\/pages\/362","targetHints":{"allow":["GET"]}}],"collection":[{"href":"https:\/\/sutcemet.yeniveri.com\/tr\/wp-json\/wp\/v2\/pages"}],"about":[{"href":"https:\/\/sutcemet.yeniveri.com\/tr\/wp-json\/wp\/v2\/types\/page"}],"author":[{"embeddable":true,"href":"https:\/\/sutcemet.yeniveri.com\/tr\/wp-json\/wp\/v2\/users\/1"}],"replies":[{"embeddable":true,"href":"https:\/\/sutcemet.yeniveri.com\/tr\/wp-json\/wp\/v2\/comments?post=362"}],"version-history":[{"count":148,"href":"https:\/\/sutcemet.yeniveri.com\/tr\/wp-json\/wp\/v2\/pages\/362\/revisions"}],"predecessor-version":[{"id":767,"href":"https:\/\/sutcemet.yeniveri.com\/tr\/wp-json\/wp\/v2\/pages\/362\/revisions\/767"}],"wp:attachment":[{"href":"https:\/\/sutcemet.yeniveri.com\/tr\/wp-json\/wp\/v2\/media?parent=362"}],"curies":[{"name":"wp","href":"https:\/\/api.w.org\/{rel}","templated":true}]}}