{"id":7,"date":"2021-07-17T08:09:13","date_gmt":"2021-07-17T08:09:13","guid":{"rendered":"https:\/\/demo.athemes.com\/botiga\/?page_id=7"},"modified":"2024-12-01T12:16:14","modified_gmt":"2024-12-01T12:16:14","slug":"about","status":"publish","type":"page","link":"https:\/\/sutcemet.yeniveri.com\/tr\/about\/","title":{"rendered":"Bilgi"},"content":{"rendered":"<div style=\"height:50px\" aria-hidden=\"true\" class=\"wp-block-spacer\"><\/div>\n\n\n\n<div class=\"wp-block-columns is-layout-flex wp-container-core-columns-is-layout-28f84493 wp-block-columns-is-layout-flex\">\n<div class=\"wp-block-column has-color-2-background-color has-background has-larger-font-size is-layout-flow wp-block-column-is-layout-flow\">\n<div class=\"wp-block-uagb-info-box uagb-block-268e999a uagb-infobox__content-wrap  uagb-infobox-icon-above-title uagb-infobox-image-valign-top\"><div class=\"uagb-ifb-content\"><div class=\"uagb-ifb-icon-wrap\"><svg xmlns=\"https:\/\/www.w3.org\/2000\/svg\" viewbox=\"0 0 512 512\"><path d=\"M256 0C114.6 0 0 114.6 0 256c0 141.4 114.6 256 256 256s256-114.6 256-256C512 114.6 397.4 0 256 0zM390.6 246.6l-112 112C272.4 364.9 264.2 368 256 368s-16.38-3.125-22.62-9.375l-112-112c-12.5-12.5-12.5-32.75 0-45.25s32.75-12.5 45.25 0L256 290.8l89.38-89.38c12.5-12.5 32.75-12.5 45.25 0S403.1 234.1 390.6 246.6z\"><\/path><\/svg><\/div><div class=\"uagb-ifb-title-wrap\"><\/div><p class=\"uagb-ifb-desc\"><strong>Sutcemet Scarless<\/strong> i\u00e7eri\u011findeki maddelerin osmotik bas\u0131nc\u0131 y\u00fcksekli\u011fi nedeniyle yarada olu\u015fan \u00f6demin azalt\u0131lmas\u0131na yard\u0131mc\u0131 olur. <strong>Sutcemet Scarless<\/strong> ayn\u0131 zamanda \u00f6zellikle yan\u0131klarda yaran\u0131n nemlemesine de ciddi katk\u0131lar sa\u011flar.<\/p><\/div><\/div>\n<\/div>\n\n\n\n<div class=\"wp-block-column has-background has-larger-font-size is-layout-flow wp-block-column-is-layout-flow\" style=\"background-color:#eafff8\">\n<div class=\"wp-block-uagb-info-box uagb-block-384d0b06 uagb-infobox__content-wrap  uagb-infobox-icon-below-title uagb-infobox-image-valign-top\"><div class=\"uagb-ifb-content\"><div class=\"uagb-ifb-title-wrap\"><\/div><div class=\"uagb-ifb-icon-wrap\"><svg xmlns=\"https:\/\/www.w3.org\/2000\/svg\" viewbox=\"0 0 512 512\"><path d=\"M256 0C114.6 0 0 114.6 0 256c0 141.4 114.6 256 256 256s256-114.6 256-256C512 114.6 397.4 0 256 0zM390.6 246.6l-112 112C272.4 364.9 264.2 368 256 368s-16.38-3.125-22.62-9.375l-112-112c-12.5-12.5-12.5-32.75 0-45.25s32.75-12.5 45.25 0L256 290.8l89.38-89.38c12.5-12.5 32.75-12.5 45.25 0S403.1 234.1 390.6 246.6z\"><\/path><\/svg><\/div><p class=\"uagb-ifb-desc\"><strong>Sutcemet Scarless<\/strong> \u00e7eri\u011findeki yumurtadan dolay\u0131 m\u00fckemmel bir protein, lipit ve fosfolipit kayna\u011f\u0131d\u0131r buna ba\u011fl\u0131 olarak h\u0131zl\u0131 ve etkin yara iyile\u015fmesine \u00f6nemli katk\u0131da bulunur.<\/p><\/div><\/div>\n<\/div>\n<\/div>\n\n\n\n<div id=\"athemes-blocks-block-89d6a3e2\" class=\"wp-block-athemes-athemes-blocks-block-container athemes-blocks-block athemes-blocks-block-89d6a3e2 athemes-blocks-block-container alignfull\"><div class=\"athemes-blocks-block-container-wrapper athemes-blocks-block-container-bg-cover athemes-blocks-block-container-bg-effect-scroll\"><div class=\"athemes-blocks-block-container-wrapper-content\">\n<div class=\"wp-block-columns is-layout-flex wp-container-core-columns-is-layout-28f84493 wp-block-columns-is-layout-flex\">\n<div class=\"wp-block-column has-larger-font-size is-layout-flow wp-block-column-is-layout-flow\">\n<div class=\"wp-block-group\"><div class=\"wp-block-group__inner-container is-layout-constrained wp-block-group-is-layout-constrained\">\n<div style=\"height:50px\" aria-hidden=\"true\" class=\"wp-block-spacer\"><\/div>\n\n\n\n<p><strong>Sutcemet Scarless<\/strong> yaran\u0131n daha h\u0131zl\u0131 \u015fekilde , daha az skar dokusu b\u0131rakarak iyile\u015fmesinde \u00f6nemli katk\u0131 sa\u011flayan do\u011fal bir \u00fcr\u00fcnd\u00fcr.<\/p>\n\n\n\n<p><strong>Sutcemet Scarless<\/strong> i\u00e7eri\u011findeki maddelerin osmotik bas\u0131nc\u0131 y\u00fcksekli\u011fi nedeniyle yarada olu\u015fan \u00f6demin azalt\u0131lmas\u0131na yard\u0131mc\u0131 olur. <\/p>\n\n\n\n<p><strong>Sutcemet Scarless<\/strong> ayn\u0131 zamanda \u00f6zellikle yan\u0131klarda yaran\u0131n nemlemesine de ciddi katk\u0131lar sa\u011flar.<\/p>\n<\/div><\/div>\n<\/div>\n\n\n\n<div class=\"wp-block-column is-layout-flow wp-block-column-is-layout-flow\">\n<div class=\"wp-block-uagb-image uagb-block-cba15e55 wp-block-uagb-image--layout-default wp-block-uagb-image--effect-static wp-block-uagb-image--align-none\"><figure class=\"wp-block-uagb-image__figure\"><img decoding=\"async\" srcset=\"https:\/\/sutcemet.yeniveri.com\/wp-content\/uploads\/2024\/03\/kapak-gorsel-903x1024.png ,https:\/\/sutcemet.yeniveri.com\/wp-content\/uploads\/2024\/03\/kapak-gorsel.png 780w, https:\/\/sutcemet.yeniveri.com\/wp-content\/uploads\/2024\/03\/kapak-gorsel.png 360w\" sizes=\"auto, (max-width: 480px) 150px\" src=\"https:\/\/sutcemet.yeniveri.com\/wp-content\/uploads\/2024\/03\/kapak-gorsel-903x1024.png\" alt=\"\" class=\"uag-image-549\" width=\"903\" height=\"1024\" title=\"kapak-gorsel\" loading=\"lazy\" role=\"img\"\/><\/figure><\/div>\n<\/div>\n<\/div>\n<\/div><\/div><\/div>\n\n\n\n<div style=\"height:100px\" aria-hidden=\"true\" class=\"wp-block-spacer\"><\/div>\n\n\n\n<div class=\"wp-block-columns is-layout-flex wp-container-core-columns-is-layout-28f84493 wp-block-columns-is-layout-flex\">\n<div class=\"wp-block-column has-larger-font-size is-layout-flow wp-block-column-is-layout-flow\">\n<div class=\"wp-block-columns has-normal-font-size is-layout-flex wp-container-core-columns-is-layout-28f84493 wp-block-columns-is-layout-flex\">\n<div class=\"wp-block-column is-layout-flow wp-block-column-is-layout-flow\" style=\"flex-basis:90%\">\n<figure class=\"wp-block-jetpack-image-compare\"><div class=\"juxtapose\" data-mode=\"horizontal\"><img loading=\"lazy\" decoding=\"async\" id=\"696\" src=\"https:\/\/sutcemet.yeniveri.com\/wp-content\/uploads\/2024\/03\/b4-tr.jpg\" alt=\"\" width=\"500\" height=\"420\" class=\"image-compare__image-before\"\/><img loading=\"lazy\" decoding=\"async\" id=\"648\" src=\"https:\/\/sutcemet.yeniveri.com\/wp-content\/uploads\/2024\/05\/after-tr.jpg\" alt=\"\" width=\"500\" height=\"420\" class=\"image-compare__image-after\"\/><\/div><figcaption>S\u00fctcemet Scarless Krem uygulanarak tedavi edilen yan\u0131k yaras\u0131<\/figcaption><\/figure>\n<\/div>\n<\/div>\n\n\n\n<p class=\"has-larger-font-size\"><\/p>\n<\/div>\n\n\n\n<div class=\"wp-block-column is-layout-flow wp-block-column-is-layout-flow\" style=\"flex-basis:45%\">\n<div style=\"height:35px\" aria-hidden=\"true\" class=\"wp-block-spacer\"><\/div>\n\n\n\n<p class=\"has-larger-font-size\">SUTCEMET SCARLESS 1. ve 2. derece yan\u0131klarda, yatak (bas\u0131) yaralar\u0131nda, her t\u00fcrl\u00fc cerrahi insizyonlarda, epidermis kayb\u0131yla giden her t\u00fcrl\u00fc yaralanmalarda g\u00fcvenle ve etkin \u015fekilde kullan\u0131labilir. Yine hipertrofik izlerin, keloidlerin olu\u015fum riskinin azalt\u0131lmas\u0131nda ya da daha \u00f6nce olu\u015ftuysa buna y\u00f6nelik yap\u0131lan d\u00fczeltme i\u015flemlerinde yaraya uygulanmas\u0131 halinde yaran\u0131n iz b\u0131rakmadan iyile\u015fmesine yard\u0131mc\u0131 olur.<\/p>\n<\/div>\n<\/div>\n\n\n\n<div style=\"height:100px\" aria-hidden=\"true\" class=\"wp-block-spacer\"><\/div>\n\n\n\n<div id=\"athemes-blocks-block-afbacdd6\" class=\"wp-block-athemes-athemes-blocks-block-container athemes-blocks-block athemes-blocks-block-afbacdd6 athemes-blocks-block-container alignfull\"><div class=\"athemes-blocks-block-container-wrapper athemes-blocks-block-container-bg-cover athemes-blocks-block-container-bg-effect-scroll\"><div class=\"athemes-blocks-block-container-wrapper-content\">\n<div class=\"wp-block-columns is-layout-flex wp-container-core-columns-is-layout-28f84493 wp-block-columns-is-layout-flex\">\n<div class=\"wp-block-column is-layout-flow wp-block-column-is-layout-flow\">\n<div style=\"height:30px\" aria-hidden=\"true\" class=\"wp-block-spacer\"><\/div>\n\n\n\n<p class=\"has-larger-font-size\"><strong>Sutcemet Scarless<\/strong> i\u00e7eri\u011findeki tah\u0131l\u0131n alev karbonizasyonu ile elde edilen nano yap\u0131l\u0131 karbon sorbentler yoluyla (aktif k\u00f6m\u00fcr) ortamda bulunan mikroorganizma ve toksinleri b\u00fcnyesinde hapsederek (adsorbtif \u00f6zelli\u011fi ile) yarada enfeksiyon geli\u015fiminin do\u011fal yollarla \u00e7\u00f6z\u00fcmlenmesine yard\u0131mc\u0131 olur. Yine yaran\u0131n \u00fczerine s\u00fcr\u00fcld\u00fc\u011f\u00fcnde epidermisi adeta taklit ederek ve a\u00e7\u0131k yara \u00fczerinde do\u011fal bir bariyer olu\u015fturarak d\u0131\u015f ortamdan izolasyonuna yard\u0131mc\u0131 olur.<\/p>\n<\/div>\n\n\n\n<div class=\"wp-block-column has-background is-layout-flow wp-block-column-is-layout-flow\" style=\"background-color:#ffffff\">\n<div class=\"wp-block-uagb-image uagb-block-984e3c5b wp-block-uagb-image--layout-default wp-block-uagb-image--effect-zoomin wp-block-uagb-image--align-none\"><figure class=\"wp-block-uagb-image__figure\"><img decoding=\"async\" srcset=\"https:\/\/sutcemet.yeniveri.com\/wp-content\/uploads\/2024\/03\/yara-iyilesmesi.png 906w, https:\/\/sutcemet.yeniveri.com\/wp-content\/uploads\/2024\/03\/yara-iyilesmesi-300x254.png 300w, https:\/\/sutcemet.yeniveri.com\/wp-content\/uploads\/2024\/03\/yara-iyilesmesi-768x651.png 768w, https:\/\/sutcemet.yeniveri.com\/wp-content\/uploads\/2024\/03\/yara-iyilesmesi-14x12.png 14w, https:\/\/sutcemet.yeniveri.com\/wp-content\/uploads\/2024\/03\/yara-iyilesmesi-575x487.png 575w, https:\/\/sutcemet.yeniveri.com\/wp-content\/uploads\/2024\/03\/yara-iyilesmesi-380x322.png 380w, https:\/\/sutcemet.yeniveri.com\/wp-content\/uploads\/2024\/03\/yara-iyilesmesi-800x678.png 800w\" sizes=\"auto, (max-width: 480px) 150px\" src=\"https:\/\/sutcemet.yeniveri.com\/wp-content\/uploads\/2024\/03\/yara-iyilesmesi.png\" alt=\"\" class=\"uag-image-692\" width=\"918\" height=\"822\" title=\"yara-iyilesmesi\" loading=\"lazy\" role=\"img\"\/><\/figure><\/div>\n<\/div>\n<\/div>\n<\/div><\/div><\/div>","protected":false},"excerpt":{"rendered":"<p>SUTCEMET SCARLESS can be used safely and effectively in 1st and 2nd degree burns, pressure sores, all kinds of surgical incisions, and all kinds of injuries resulting in epidermis loss. [&hellip;]<\/p>\n","protected":false},"author":1,"featured_media":0,"parent":0,"menu_order":0,"comment_status":"closed","ping_status":"closed","template":"","meta":{"_coblocks_attr":"","_coblocks_dimensions":"{\"coblocks-hero-21123650580\":{\"padding\":{}}}","_coblocks_responsive_height":"{\"coblocks-hero-21123650580\":{\"height\":{\"height\":500,\"heightTablet\":200}}}","_coblocks_accordion_ie_support":"","_uag_custom_page_level_css":"","_joinchat":[],"footnotes":""},"class_list":["post-7","page","type-page","status-publish","hentry"],"uagb_featured_image_src":{"full":false,"thumbnail":false,"medium":false,"medium_large":false,"large":false,"1536x1536":false,"2048x2048":false,"trp-custom-language-flag":false,"botiga-extra-large":false,"botiga-large":false,"botiga-big":false,"botiga-medium":false,"woocommerce_thumbnail":false,"woocommerce_single":false,"woocommerce_gallery_thumbnail":false},"uagb_author_info":{"display_name":"shadmin","author_link":"https:\/\/sutcemet.yeniveri.com\/tr\/author\/shadmin\/"},"uagb_comment_info":0,"uagb_excerpt":"SUTCEMET SCARLESS can be used safely and effectively in 1st and 2nd degree burns, pressure sores, all kinds of surgical incisions, and all kinds of injuries resulting in epidermis loss. [&hellip;]","jetpack_sharing_enabled":true,"_links":{"self":[{"href":"https:\/\/sutcemet.yeniveri.com\/tr\/wp-json\/wp\/v2\/pages\/7","targetHints":{"allow":["GET"]}}],"collection":[{"href":"https:\/\/sutcemet.yeniveri.com\/tr\/wp-json\/wp\/v2\/pages"}],"about":[{"href":"https:\/\/sutcemet.yeniveri.com\/tr\/wp-json\/wp\/v2\/types\/page"}],"author":[{"embeddable":true,"href":"https:\/\/sutcemet.yeniveri.com\/tr\/wp-json\/wp\/v2\/users\/1"}],"replies":[{"embeddable":true,"href":"https:\/\/sutcemet.yeniveri.com\/tr\/wp-json\/wp\/v2\/comments?post=7"}],"version-history":[{"count":37,"href":"https:\/\/sutcemet.yeniveri.com\/tr\/wp-json\/wp\/v2\/pages\/7\/revisions"}],"predecessor-version":[{"id":772,"href":"https:\/\/sutcemet.yeniveri.com\/tr\/wp-json\/wp\/v2\/pages\/7\/revisions\/772"}],"wp:attachment":[{"href":"https:\/\/sutcemet.yeniveri.com\/tr\/wp-json\/wp\/v2\/media?parent=7"}],"curies":[{"name":"wp","href":"https:\/\/api.w.org\/{rel}","templated":true}]}}