{"id":689,"date":"2024-03-11T00:52:19","date_gmt":"2024-03-11T00:52:19","guid":{"rendered":"https:\/\/sutcemet.com\/?post_type=product&#038;p=689"},"modified":"2024-03-12T06:49:12","modified_gmt":"2024-03-12T06:49:12","slug":"sutcemet-scarless-250ml","status":"publish","type":"product","link":"https:\/\/sutcemet.yeniveri.com\/tr\/urun\/sutcemet-scarless-250ml\/","title":{"rendered":"Sutcemet Scarless &#8211; 250ml"},"content":{"rendered":"<p>Do\u011fal i\u00e7eri\u011fi ile cildin nemlendirilmesine yard\u0131mc\u0131 olur.<\/p>\n<p><strong>\u0130\u00c7\u0130NDEK\u0130LER:<\/strong><br \/>\nEGG YOLK EXTRACT, ORYZA SATIVA BRAN WAX, EGG SHELL MEMBRANE, POTASSIUM SORBATE, SODIUM BENZOATE<\/p>\n<p><strong>UYARILAR:<\/strong><br \/>\n\u00c7ocuklar\u0131n ula\u015famayaca\u011f\u0131 bir \u015fekilde, buzdolab\u0131nda saklay\u0131n\u0131z. G\u00f6z ile temas etmesi halinde bol su ile y\u0131kay\u0131n\u0131z.<\/p>\n<p><strong>SAKLAMA KO\u015eULLARI:<\/strong><br \/>\nKapa\u011f\u0131 kapal\u0131 bir \u015fekilde buzdolab\u0131nda muhafaza ediniz. Uzun s\u00fcre d\u0131\u015far\u0131da b\u0131rakmay\u0131n\u0131z.<\/p>\n<p><strong>KULLANIM \u015eEKL\u0130:<\/strong><br \/>\nCilt y\u00fczeyini temizledikten sonra kutunun i\u00e7erisinde bulunan spatula yard\u0131m\u0131yla kal\u0131n bir tabaka halinde uygulay\u0131n ve kurumas\u0131 i\u00e7in a\u00e7\u0131k b\u0131rak\u0131n. Gerekirse ayn\u0131 uygulamay\u0131 tekrarlay\u0131n.<\/p>\n<p><strong>\u00dcRET\u0130M YER\u0130:<\/strong><br \/>\nSAHEB\u0130 DERMAN K\u0130MYA \u0130LA\u00c7 KOZMET\u0130K PAZARLAMA \u0130THALAT \u0130HRACAT TAAHH\u00dcT SANAY\u0130 VE T\u0130CARET ANON\u0130M \u015e\u0130RKET\u0130<\/p>","protected":false},"excerpt":{"rendered":"<p>Sutcemet Scarless onar\u0131c\u0131 krem \u2013 100ml<\/p>","protected":false},"featured_media":690,"comment_status":"open","ping_status":"closed","template":"","meta":{"_coblocks_attr":"","_coblocks_dimensions":"","_coblocks_responsive_height":"","_coblocks_accordion_ie_support":"","_uag_custom_page_level_css":"","_joinchat":[]},"product_brand":[],"product_cat":[20],"product_tag":[25,23,22],"class_list":{"0":"post-689","1":"product","2":"type-product","3":"status-publish","4":"has-post-thumbnail","6":"product_cat-medical","7":"product_tag-250ml","8":"product_tag-repair-cream","9":"product_tag-scarless","11":"first","12":"instock","13":"shipping-taxable","14":"purchasable","15":"product-type-simple"},"uagb_featured_image_src":{"full":["https:\/\/sutcemet.yeniveri.com\/wp-content\/uploads\/2024\/03\/scr-250.jpg",1000,855,false],"thumbnail":["https:\/\/sutcemet.yeniveri.com\/wp-content\/uploads\/2024\/03\/scr-250-150x150.jpg",150,150,true],"medium":["https:\/\/sutcemet.yeniveri.com\/wp-content\/uploads\/2024\/03\/scr-250-300x257.jpg",300,257,true],"medium_large":["https:\/\/sutcemet.yeniveri.com\/wp-content\/uploads\/2024\/03\/scr-250-768x657.jpg",768,657,true],"large":["https:\/\/sutcemet.yeniveri.com\/wp-content\/uploads\/2024\/03\/scr-250.jpg",1000,855,false],"1536x1536":["https:\/\/sutcemet.yeniveri.com\/wp-content\/uploads\/2024\/03\/scr-250.jpg",1000,855,false],"2048x2048":["https:\/\/sutcemet.yeniveri.com\/wp-content\/uploads\/2024\/03\/scr-250.jpg",1000,855,false],"trp-custom-language-flag":["https:\/\/sutcemet.yeniveri.com\/wp-content\/uploads\/2024\/03\/scr-250-14x12.jpg",14,12,true],"botiga-extra-large":["https:\/\/sutcemet.yeniveri.com\/wp-content\/uploads\/2024\/03\/scr-250.jpg",1000,855,false],"botiga-large":["https:\/\/sutcemet.yeniveri.com\/wp-content\/uploads\/2024\/03\/scr-250-920x787.jpg",920,787,true],"botiga-big":["https:\/\/sutcemet.yeniveri.com\/wp-content\/uploads\/2024\/03\/scr-250-575x492.jpg",575,492,true],"botiga-medium":["https:\/\/sutcemet.yeniveri.com\/wp-content\/uploads\/2024\/03\/scr-250-380x325.jpg",380,325,true],"woocommerce_thumbnail":["https:\/\/sutcemet.yeniveri.com\/wp-content\/uploads\/2024\/03\/scr-250-420x420.jpg",420,420,true],"woocommerce_single":["https:\/\/sutcemet.yeniveri.com\/wp-content\/uploads\/2024\/03\/scr-250-800x684.jpg",800,684,true],"woocommerce_gallery_thumbnail":["https:\/\/sutcemet.yeniveri.com\/wp-content\/uploads\/2024\/03\/scr-250-100x100.jpg",100,100,true]},"uagb_author_info":{"display_name":"shadmin","author_link":"https:\/\/sutcemet.yeniveri.com\/tr\/author\/"},"uagb_comment_info":0,"uagb_excerpt":"Sutcemet Scarless repair cream - 100ml","jetpack_sharing_enabled":true,"_links":{"self":[{"href":"https:\/\/sutcemet.yeniveri.com\/tr\/wp-json\/wp\/v2\/product\/689","targetHints":{"allow":["GET"]}}],"collection":[{"href":"https:\/\/sutcemet.yeniveri.com\/tr\/wp-json\/wp\/v2\/product"}],"about":[{"href":"https:\/\/sutcemet.yeniveri.com\/tr\/wp-json\/wp\/v2\/types\/product"}],"replies":[{"embeddable":true,"href":"https:\/\/sutcemet.yeniveri.com\/tr\/wp-json\/wp\/v2\/comments?post=689"}],"wp:featuredmedia":[{"embeddable":true,"href":"https:\/\/sutcemet.yeniveri.com\/tr\/wp-json\/wp\/v2\/media\/690"}],"wp:attachment":[{"href":"https:\/\/sutcemet.yeniveri.com\/tr\/wp-json\/wp\/v2\/media?parent=689"}],"wp:term":[{"taxonomy":"product_brand","embeddable":true,"href":"https:\/\/sutcemet.yeniveri.com\/tr\/wp-json\/wp\/v2\/product_brand?post=689"},{"taxonomy":"product_cat","embeddable":true,"href":"https:\/\/sutcemet.yeniveri.com\/tr\/wp-json\/wp\/v2\/product_cat?post=689"},{"taxonomy":"product_tag","embeddable":true,"href":"https:\/\/sutcemet.yeniveri.com\/tr\/wp-json\/wp\/v2\/product_tag?post=689"}],"curies":[{"name":"wp","href":"https:\/\/api.w.org\/{rel}","templated":true}]}}